{"id":9,"date":"2017-09-22T12:13:25","date_gmt":"2017-09-22T12:13:25","guid":{"rendered":"https:\/\/sites.wpastra.com\/swee-shop\/?page_id=9"},"modified":"2022-03-17T18:10:18","modified_gmt":"2022-03-17T11:10:18","slug":"story","status":"publish","type":"page","link":"https:\/\/lanhkitchen.purna.vn\/en\/story\/","title":{"rendered":"Our Story"},"content":{"rendered":"<style>#kt-layout-id_c7738e-a3 > .kt-row-column-wrap{align-content:start;}:where(#kt-layout-id_c7738e-a3 > .kt-row-column-wrap) > .wp-block-kadence-column{justify-content:start;}#kt-layout-id_c7738e-a3 > .kt-row-column-wrap{column-gap:var(--global-kb-gap-md, 2rem);row-gap:var(--global-kb-gap-md, 2rem);padding-top:var( --global-kb-row-default-top, 25px );padding-bottom:var( --global-kb-row-default-bottom, 25px );padding-top:120px;padding-bottom:120px;grid-template-columns:minmax(0, 1fr);}#kt-layout-id_c7738e-a3{background-image:url('https:\/\/lanhkitchen.purna.vn\/wp-content\/uploads\/2019\/05\/lanh-kitchen-hero-3.jpg');background-size:cover;background-position:center center;background-attachment:scroll;background-repeat:no-repeat;}#kt-layout-id_c7738e-a3 > .kt-row-layout-overlay{opacity:0.85;background-color:var(--global-palette1, #3182CE);}#kt-layout-id_c7738e-a3 ,#kt-layout-id_c7738e-a3 h1,#kt-layout-id_c7738e-a3 h2,#kt-layout-id_c7738e-a3 h3,#kt-layout-id_c7738e-a3 h4,#kt-layout-id_c7738e-a3 h5,#kt-layout-id_c7738e-a3 h6{color:var(--global-palette9, #ffffff);}@media all and (max-width: 1024px){#kt-layout-id_c7738e-a3 > .kt-row-column-wrap{grid-template-columns:minmax(0, 1fr);}}@media all and (max-width: 767px){#kt-layout-id_c7738e-a3 > .kt-row-column-wrap{grid-template-columns:minmax(0, 1fr);}}<\/style>\n<div class=\"wp-block-kadence-rowlayout alignnone\"><div id=\"kt-layout-id_c7738e-a3\" class=\"kt-row-layout-inner kt-row-has-bg kt-layout-id_c7738e-a3 has-theme-palette-1-background-color\"><div class=\"kt-row-layout-overlay kt-row-overlay-normal\"><\/div><div class=\"kt-row-column-wrap kt-has-1-columns kt-gutter-default kt-v-gutter-default kt-row-valign-top kt-row-layout-equal kt-tab-layout-inherit kt-m-colapse-left-to-right kt-mobile-layout-row\"><style>.kadence-column_8abf06-7a > .kt-inside-inner-col{border-top-width:0px;border-right-width:0px;border-bottom-width:0px;border-left-width:0px;}.kadence-column_8abf06-7a > .kt-inside-inner-col,.kadence-column_8abf06-7a > .kt-inside-inner-col:before{border-top-left-radius:0px;border-top-right-radius:0px;border-bottom-right-radius:0px;border-bottom-left-radius:0px;}.kadence-column_8abf06-7a > .kt-inside-inner-col{column-gap:var(--global-kb-gap-sm, 1rem);}.kadence-column_8abf06-7a > .kt-inside-inner-col{flex-direction:column;}.kadence-column_8abf06-7a > .kt-inside-inner-col > .aligncenter{width:100%;}.kadence-column_8abf06-7a > .kt-inside-inner-col:before{opacity:0.3;}.kadence-column_8abf06-7a{position:relative;}@media all and (max-width: 1024px){.kadence-column_8abf06-7a > .kt-inside-inner-col{flex-direction:column;justify-content:center;}}@media all and (max-width: 767px){.kadence-column_8abf06-7a > .kt-inside-inner-col{flex-direction:column;justify-content:center;}}<\/style>\n<div class=\"wp-block-kadence-column inner-column-1 kadence-column_8abf06-7a\"><div class=\"kt-inside-inner-col\"><style>.wp-block-kadence-advancedheading.kt-adv-heading_3b9cc8-c7, .wp-block-kadence-advancedheading.kt-adv-heading_3b9cc8-c7[data-kb-block=\"kb-adv-heading_3b9cc8-c7\"]{text-align:center;font-style:normal;}.wp-block-kadence-advancedheading.kt-adv-heading_3b9cc8-c7 mark.kt-highlight, .wp-block-kadence-advancedheading.kt-adv-heading_3b9cc8-c7[data-kb-block=\"kb-adv-heading_3b9cc8-c7\"] mark.kt-highlight{font-style:normal;color:#f76a0c;-webkit-box-decoration-break:clone;box-decoration-break:clone;padding-top:0px;padding-right:0px;padding-bottom:0px;padding-left:0px;}.wp-block-kadence-advancedheading.kt-adv-heading_3b9cc8-c7 img.kb-inline-image, .wp-block-kadence-advancedheading.kt-adv-heading_3b9cc8-c7[data-kb-block=\"kb-adv-heading_3b9cc8-c7\"] img.kb-inline-image{width:150px;vertical-align:baseline;}<\/style>\n<h1 class=\"kt-adv-heading_3b9cc8-c7 wp-block-kadence-advancedheading\" data-kb-block=\"kb-adv-heading_3b9cc8-c7\"><meta charset=\"utf-8\">L\u00e0nh kitchen's Story<\/h1>\n\n\n<style>.wp-block-kadence-advancedheading.kt-adv-heading_423b65-ef, .wp-block-kadence-advancedheading.kt-adv-heading_423b65-ef[data-kb-block=\"kb-adv-heading_423b65-ef\"]{text-align:center;font-style:normal;}.wp-block-kadence-advancedheading.kt-adv-heading_423b65-ef mark.kt-highlight, .wp-block-kadence-advancedheading.kt-adv-heading_423b65-ef[data-kb-block=\"kb-adv-heading_423b65-ef\"] mark.kt-highlight{font-style:normal;color:#f76a0c;-webkit-box-decoration-break:clone;box-decoration-break:clone;padding-top:0px;padding-right:0px;padding-bottom:0px;padding-left:0px;}.wp-block-kadence-advancedheading.kt-adv-heading_423b65-ef img.kb-inline-image, .wp-block-kadence-advancedheading.kt-adv-heading_423b65-ef[data-kb-block=\"kb-adv-heading_423b65-ef\"] img.kb-inline-image{width:150px;vertical-align:baseline;}<\/style>\n<p class=\"kt-adv-heading_423b65-ef wp-block-kadence-advancedheading\" data-kb-block=\"kb-adv-heading_423b65-ef\"><meta charset=\"utf-8\">A small kitchen corner that delivers Healthy Delicious Home-made food<\/p>\n<\/div><\/div>\n<\/div><\/div><\/div>\n\n\n<style>#kt-layout-id_6c4735-e3 > .kt-row-column-wrap{align-content:start;}:where(#kt-layout-id_6c4735-e3 > .kt-row-column-wrap) > .wp-block-kadence-column{justify-content:start;}#kt-layout-id_6c4735-e3 > .kt-row-column-wrap{column-gap:var(--global-kb-gap-md, 2rem);row-gap:var(--global-kb-gap-md, 2rem);max-width:800px;margin-left:auto;margin-right:auto;padding-top:var( --global-kb-row-default-top, 25px );padding-bottom:var( --global-kb-row-default-bottom, 25px );padding-top:80px;padding-bottom:80px;grid-template-columns:minmax(0, 1fr);}#kt-layout-id_6c4735-e3 > .kt-row-layout-overlay{opacity:0.30;}@media all and (max-width: 1024px){#kt-layout-id_6c4735-e3 > .kt-row-column-wrap{grid-template-columns:minmax(0, 1fr);}}@media all and (max-width: 767px){#kt-layout-id_6c4735-e3 > .kt-row-column-wrap{grid-template-columns:minmax(0, 1fr);}}<\/style>\n<div class=\"wp-block-kadence-rowlayout alignnone\"><div id=\"kt-layout-id_6c4735-e3\" class=\"kt-row-layout-inner kt-layout-id_6c4735-e3\"><div class=\"kt-row-column-wrap kt-has-1-columns kt-gutter-default kt-v-gutter-default kt-row-valign-top kt-row-layout-equal kt-tab-layout-inherit kt-m-colapse-left-to-right kt-mobile-layout-row\"><style>.kadence-column_8c5522-06 > .kt-inside-inner-col{border-top-width:0px;border-right-width:0px;border-bottom-width:0px;border-left-width:0px;}.kadence-column_8c5522-06 > .kt-inside-inner-col,.kadence-column_8c5522-06 > .kt-inside-inner-col:before{border-top-left-radius:0px;border-top-right-radius:0px;border-bottom-right-radius:0px;border-bottom-left-radius:0px;}.kadence-column_8c5522-06 > .kt-inside-inner-col{column-gap:var(--global-kb-gap-sm, 1rem);}.kadence-column_8c5522-06 > .kt-inside-inner-col{flex-direction:column;}.kadence-column_8c5522-06 > .kt-inside-inner-col > .aligncenter{width:100%;}.kadence-column_8c5522-06 > .kt-inside-inner-col:before{opacity:0.3;}.kadence-column_8c5522-06{position:relative;}@media all and (max-width: 1024px){.kadence-column_8c5522-06 > .kt-inside-inner-col{flex-direction:column;justify-content:center;}}@media all and (max-width: 767px){.kadence-column_8c5522-06 > .kt-inside-inner-col{flex-direction:column;justify-content:center;}}<\/style>\n<div class=\"wp-block-kadence-column inner-column-1 kadence-column_8c5522-06\"><div class=\"kt-inside-inner-col\">\n<p>Hi there,<\/p>\n\n\n\n<p>I am Purna. I am a Yogi and a Yoga instructor.<\/p>\n\n\n\n<p>I am a vegan for years. And Purna really feels my body changes positively and strongly every day. Because we are what we eat.<\/p>\n\n\n\n<p>Purna has shared a lot of delicious recipes and vegetarian restaurants, as well as the heart-warming words for those who want to be vegetarians. With that insight as well as the \"kitchen\" experience accumulated after years of vegan eating, Purna decided to open a small corner of the kitchen to make healthy, nutritious homemade food to serving everyone.<\/p>\n\n\n\n<p>I decided to open L\u00e0nh Kitchen since 2019.<\/p>\n\n\n\n<p>At L\u00e0nh, products are purely made from plant origin, that are healthy and environmental-friendly. It is not necessary for you to be vegetarian to be welcomed at L\u00e0nh kitchen. All of you - those who care about good eating habit, are served, warmly welcomed at L\u00e0nh corner.<\/p>\n\n\n\n<p>To ensure the best quality of food to customers, the process of making product only starts after receiving the order.<\/p>\n\n\n\n<p>Stay healthy and beautiful with us!<\/p>\n<\/div><\/div>\n<\/div><\/div><\/div>","protected":false},"excerpt":{"rendered":"<p>C\u00e2u Chuy\u1ec7n c\u1ee7a L\u00e0nh G\u00f3c b\u1ebfp nho nh\u1ecf ch\u1ebf bi\u1ebfn nh\u1eefng m\u00f3n \u0103n nh\u00e0 l\u00e0m l\u00e0nh m\u1ea1nh, b\u1ed5 d\u01b0\u1ee1ng cho s\u1ee9c kh\u1ecfe Ch\u00e0o c\u00e1c b\u1ea1n, M\u00ecnh l\u00e0 Purna. M\u00ecnh l\u00e0 m\u1ed9t yogi v\u00e0 l\u00e0 m\u1ed9t hu\u1ea5n luy\u1ec7n vi\u00ean yoga. M\u00ecnh \u0111\u00e3 b\u1eaft \u0111\u1ea7u ch\u1ebf \u0111\u1ed9 \u0103n th\u1ef1c v\u1eadt \u0111\u01b0\u1ee3c h\u01a1n m\u1ed9t n\u0103m. V\u00e0 Purna th\u1eadt&#8230;<\/p>","protected":false},"author":173541,"featured_media":563,"parent":0,"menu_order":0,"comment_status":"closed","ping_status":"closed","template":"","meta":{"_kad_post_transparent":"default","_kad_post_title":"hide","_kad_post_layout":"fullwidth","_kad_post_sidebar_id":"","_kad_post_content_style":"default","_kad_post_vertical_padding":"hide","_kad_post_feature":"hide","_kad_post_feature_position":"","_kad_post_header":false,"_kad_post_footer":false,"_kad_post_classname":"","footnotes":""},"class_list":["post-9","page","type-page","status-publish","has-post-thumbnail","hentry"],"_links":{"self":[{"href":"https:\/\/lanhkitchen.purna.vn\/en\/wp-json\/wp\/v2\/pages\/9","targetHints":{"allow":["GET"]}}],"collection":[{"href":"https:\/\/lanhkitchen.purna.vn\/en\/wp-json\/wp\/v2\/pages"}],"about":[{"href":"https:\/\/lanhkitchen.purna.vn\/en\/wp-json\/wp\/v2\/types\/page"}],"author":[{"embeddable":true,"href":"https:\/\/lanhkitchen.purna.vn\/en\/wp-json\/wp\/v2\/users\/173541"}],"replies":[{"embeddable":true,"href":"https:\/\/lanhkitchen.purna.vn\/en\/wp-json\/wp\/v2\/comments?post=9"}],"version-history":[{"count":20,"href":"https:\/\/lanhkitchen.purna.vn\/en\/wp-json\/wp\/v2\/pages\/9\/revisions"}],"predecessor-version":[{"id":15804,"href":"https:\/\/lanhkitchen.purna.vn\/en\/wp-json\/wp\/v2\/pages\/9\/revisions\/15804"}],"wp:featuredmedia":[{"embeddable":true,"href":"https:\/\/lanhkitchen.purna.vn\/en\/wp-json\/wp\/v2\/media\/563"}],"wp:attachment":[{"href":"https:\/\/lanhkitchen.purna.vn\/en\/wp-json\/wp\/v2\/media?parent=9"}],"curies":[{"name":"wp","href":"https:\/\/api.w.org\/{rel}","templated":true}]}}