{"id":10457,"date":"2020-02-12T20:15:23","date_gmt":"2020-02-12T13:15:23","guid":{"rendered":"https:\/\/lanhkitchen.com\/?post_type=product&#038;p=10457"},"modified":"2020-02-12T20:15:23","modified_gmt":"2020-02-12T13:15:23","slug":"combo-vegan-snickers-truffles-va-vegan-chocolate-brownies","status":"publish","type":"product","link":"https:\/\/lanhkitchen.purna.vn\/en\/shop\/banh-vegan\/combo-vegan-snickers-truffles-va-vegan-chocolate-brownies\/","title":{"rendered":"Combo Vegan Snickers Truffles and Vegan Chocolate Brownies"},"content":{"rendered":"<p>How to celebrate new year without worrying about weight gain? We understand that women both want to take care of their families, and want the family to have a good time together. L\u00e0nh kitchen makes vegan, gluten-free cakes which are perfect for festive atmosphere:<br \/>\n\u2013 Vegan snickers truffles<br \/>\n\u2013 Vegan chocolate brownies<br \/>\nThese two are best seller at L\u00e0nh Kitchen during Christmas and suitable for the upcoming New Year.<\/p>","protected":false},"excerpt":{"rendered":"<p>L\u00e0m th\u1ebf n\u00e0o \u0111\u1ec3 \u0103n u\u1ed1ng th\u1ea3 ga m\u00e0 kh\u00f4ng lo h\u1ea1i s\u1ee9c kh\u1ecfe hay t\u0103ng c\u00e2n? Th\u1ea5u hi\u1ec3u t\u00e2m l\u00fd c\u1ee7a ch\u1ecb em n\u1ed9i tr\u1ee3, v\u1eeba mu\u1ed1n b\u1ea3o v\u1ec7 s\u1ee9c kh\u1ecfe cho c\u1ea3 nh\u00e0, v\u1eeba mu\u1ed1n gia \u0111\u00ecnh c\u00f3 kho\u1ea3ng th\u1eddi gian vui v\u1ebb b\u00ean nhau, B\u1ebfp L\u00e0nh l\u00e0m nh\u1eefng chi\u1ebfc b\u00e1nh ng\u1ecdt thu\u1ea7n&#8230;<\/p>","protected":false},"featured_media":10458,"comment_status":"open","ping_status":"closed","template":"","meta":{"_kad_post_transparent":"","_kad_post_title":"","_kad_post_layout":"","_kad_post_sidebar_id":"","_kad_post_content_style":"","_kad_post_vertical_padding":"","_kad_post_feature":"","_kad_post_feature_position":"","_kad_post_header":false,"_kad_post_footer":false,"_kad_post_classname":""},"product_brand":[],"product_cat":[25],"product_tag":[],"class_list":{"0":"post-10457","1":"product","2":"type-product","3":"status-publish","4":"has-post-thumbnail","6":"product_cat-banh-vegan","8":"first","9":"instock","10":"shipping-taxable","11":"purchasable","12":"product-type-simple","13":"entry","14":"content-bg","15":"loop-entry"},"_links":{"self":[{"href":"https:\/\/lanhkitchen.purna.vn\/en\/wp-json\/wp\/v2\/product\/10457","targetHints":{"allow":["GET"]}}],"collection":[{"href":"https:\/\/lanhkitchen.purna.vn\/en\/wp-json\/wp\/v2\/product"}],"about":[{"href":"https:\/\/lanhkitchen.purna.vn\/en\/wp-json\/wp\/v2\/types\/product"}],"replies":[{"embeddable":true,"href":"https:\/\/lanhkitchen.purna.vn\/en\/wp-json\/wp\/v2\/comments?post=10457"}],"wp:featuredmedia":[{"embeddable":true,"href":"https:\/\/lanhkitchen.purna.vn\/en\/wp-json\/wp\/v2\/media\/10458"}],"wp:attachment":[{"href":"https:\/\/lanhkitchen.purna.vn\/en\/wp-json\/wp\/v2\/media?parent=10457"}],"wp:term":[{"taxonomy":"product_brand","embeddable":true,"href":"https:\/\/lanhkitchen.purna.vn\/en\/wp-json\/wp\/v2\/product_brand?post=10457"},{"taxonomy":"product_cat","embeddable":true,"href":"https:\/\/lanhkitchen.purna.vn\/en\/wp-json\/wp\/v2\/product_cat?post=10457"},{"taxonomy":"product_tag","embeddable":true,"href":"https:\/\/lanhkitchen.purna.vn\/en\/wp-json\/wp\/v2\/product_tag?post=10457"}],"curies":[{"name":"wp","href":"https:\/\/api.w.org\/{rel}","templated":true}]}}