{"id":15412,"date":"2020-08-19T11:43:55","date_gmt":"2020-08-19T04:43:55","guid":{"rendered":"https:\/\/lanhkitchen.com\/?post_type=product&#038;p=15412"},"modified":"2021-11-09T16:42:39","modified_gmt":"2021-11-09T09:42:39","slug":"vegan-cashew-pesto","status":"publish","type":"product","link":"https:\/\/lanhkitchen.purna.vn\/en\/shop\/sot-cham-vegan\/vegan-cashew-pesto\/","title":{"rendered":"Vegan Cashew Pesto"},"content":{"rendered":"<p><span style=\"font-weight: 400;\">Vegan cashew pesto is often served with pasta, salads, vegan bread, or whatever dish you prefer!<\/span><\/p>\n<h2><span style=\"font-weight: 400;\">Ingredients: <\/span><\/h2>\n<p><span style=\"font-weight: 400;\">fresh basil leaves, fresh cashew nuts, nutritional yeast, olive oil, salt, pepper, fresh garlic. At L\u00e0nh kitchen, European pine nuts (in traditional pesto) are replaced by fresh cashews to create a pure Vietnamese flavor but still retain the signature fatty flavor of pesto.<\/span><\/p>\n<p><span style=\"font-weight: 400;\">If you can't eat garlic, L\u00e0nh kitchen will skip this ingredient.<\/span><\/p>\n<h2><span style=\"font-weight: 400;\">Instructions for use: <\/span><\/h2>\n<p><span style=\"font-weight: 400;\">7-10 days when kept in a refrigerator.<\/span><\/p>","protected":false},"excerpt":{"rendered":"<p><span style=\"font-weight: 400;\">Pesto H\u1ea1t \u0111i\u1ec1u Thu\u1ea7n chay th\u01b0\u1eddng \u0111\u01b0\u1ee3c d\u00f9ng k\u00e8m v\u1edbi pasta, salad, b\u00e1nh m\u00ec thu\u1ea7n chay, ho\u1eb7c b\u1ea5t k\u1ef3 m\u00f3n \u0103n g\u00ec b\u1ea1n \u01b0a th\u00edch!<\/span><\/p>","protected":false},"featured_media":15413,"comment_status":"open","ping_status":"closed","template":"","meta":{"_kad_post_transparent":"","_kad_post_title":"","_kad_post_layout":"","_kad_post_sidebar_id":"","_kad_post_content_style":"","_kad_post_vertical_padding":"","_kad_post_feature":"","_kad_post_feature_position":"","_kad_post_header":false,"_kad_post_footer":false,"_kad_post_classname":""},"product_brand":[],"product_cat":[38],"product_tag":[],"class_list":{"0":"post-15412","1":"product","2":"type-product","3":"status-publish","4":"has-post-thumbnail","6":"product_cat-sot-cham-vegan","8":"first","9":"instock","10":"shipping-taxable","11":"purchasable","12":"product-type-simple","13":"entry","14":"content-bg","15":"loop-entry"},"_links":{"self":[{"href":"https:\/\/lanhkitchen.purna.vn\/en\/wp-json\/wp\/v2\/product\/15412","targetHints":{"allow":["GET"]}}],"collection":[{"href":"https:\/\/lanhkitchen.purna.vn\/en\/wp-json\/wp\/v2\/product"}],"about":[{"href":"https:\/\/lanhkitchen.purna.vn\/en\/wp-json\/wp\/v2\/types\/product"}],"replies":[{"embeddable":true,"href":"https:\/\/lanhkitchen.purna.vn\/en\/wp-json\/wp\/v2\/comments?post=15412"}],"wp:featuredmedia":[{"embeddable":true,"href":"https:\/\/lanhkitchen.purna.vn\/en\/wp-json\/wp\/v2\/media\/15413"}],"wp:attachment":[{"href":"https:\/\/lanhkitchen.purna.vn\/en\/wp-json\/wp\/v2\/media?parent=15412"}],"wp:term":[{"taxonomy":"product_brand","embeddable":true,"href":"https:\/\/lanhkitchen.purna.vn\/en\/wp-json\/wp\/v2\/product_brand?post=15412"},{"taxonomy":"product_cat","embeddable":true,"href":"https:\/\/lanhkitchen.purna.vn\/en\/wp-json\/wp\/v2\/product_cat?post=15412"},{"taxonomy":"product_tag","embeddable":true,"href":"https:\/\/lanhkitchen.purna.vn\/en\/wp-json\/wp\/v2\/product_tag?post=15412"}],"curies":[{"name":"wp","href":"https:\/\/api.w.org\/{rel}","templated":true}]}}